{"id":15616,"date":"2020-07-22T17:27:04","date_gmt":"2020-07-22T20:27:04","guid":{"rendered":"https:\/\/valorainvest.com.br\/team\/"},"modified":"2022-11-04T09:54:10","modified_gmt":"2022-11-04T12:54:10","slug":"team","status":"publish","type":"page","link":"https:\/\/valorainvest.com.br\/en\/team\/","title":{"rendered":"Team"},"content":{"rendered":"\n<div class=\"wp-block-columns is-layout-flex wp-container-core-columns-layout-1 wp-block-columns-is-layout-flex\">\n<div class=\"wp-block-column is-layout-flow wp-block-column-is-layout-flow\">\n<h2 class=\"wp-block-heading\">Fixed Income<\/h2>\n\n\n\n<ul><li>Breno Barbosa<\/li><li><a rel=\"noreferrer noopener\" href=\"https:\/\/www.linkedin.com\/in\/fernando-antunes-marinho-362188147\/\" data-type=\"URL\" data-id=\"https:\/\/www.linkedin.com\/in\/fernando-antunes-marinho-362188147\/\" target=\"_blank\">Fernando Marinho<\/a><\/li><li><a rel=\"noreferrer noopener\" href=\"http:\/\/linkedin.com\/in\/jo%C3%A3o-pedro-pacheco-851a20205\" target=\"_blank\">Jo\u00e3o Pacheco<\/a><\/li><li><a rel=\"noreferrer noopener\" href=\"https:\/\/www.linkedin.com\/in\/leandro-lupercio-de-oliveira-138851163\/\" target=\"_blank\">Leandro Lupercio<\/a><\/li><li><a rel=\"noreferrer noopener\" href=\"https:\/\/www.linkedin.com\/in\/lucas-silva-2a1b83181\/\" data-type=\"URL\" data-id=\"https:\/\/www.linkedin.com\/in\/lucas-silva-2a1b83181\/\" target=\"_blank\">Lucas Silva<\/a><\/li><li><a href=\"https:\/\/www.linkedin.com\/in\/oct%C3%A1viodealmeida\/\" data-type=\"URL\" data-id=\"https:\/\/www.linkedin.com\/in\/oct%C3%A1viodealmeida\/\">Oct\u00e1vio Corr\u00eaa<\/a><\/li><li><a rel=\"noreferrer noopener\" href=\"https:\/\/www.linkedin.com\/in\/rodrigo-mendonca1\" data-type=\"URL\" data-id=\"https:\/\/www.linkedin.com\/in\/rodrigo-mendonca1\" target=\"_blank\">Rodrigo Mendon\u00e7a<\/a><\/li><li><a href=\"https:\/\/www.linkedin.com\/in\/silvana-rodrigues-analista-de-operacoes\/\">Silvana Rodrigues<\/a><\/li><li><a rel=\"noreferrer noopener\" href=\"https:\/\/www.linkedin.com\/in\/vitor-lopes-lima\/\" data-type=\"URL\" data-id=\"https:\/\/www.linkedin.com\/in\/vitor-lopes-lima\/\" target=\"_blank\">Vitor Lopes<\/a><\/li><\/ul><\/div>\n\n\n\n<div class=\"wp-block-column is-layout-flow wp-block-column-is-layout-flow\">\n<h2 class=\"wp-block-heading\">Real Estate<\/h2>\n\n\n\n<ul><li><a href=\"https:\/\/www.linkedin.com\/in\/brunohloliveira\/\">Bruno Oliveira<\/a><\/li><li><a rel=\"noreferrer noopener\" href=\"https:\/\/www.linkedin.com\/in\/carloslomonaco\" data-type=\"URL\" data-id=\"https:\/\/www.linkedin.com\/in\/carloslomonaco\" target=\"_blank\">Carlos Lomonaco<\/a><\/li><li><a rel=\"noreferrer noopener\" href=\"https:\/\/www.linkedin.com\/in\/guilherme-ducceschi\" data-type=\"URL\" data-id=\"https:\/\/www.linkedin.com\/in\/guilherme-ducceschi\" target=\"_blank\">Guilherme de Oliveira<\/a><\/li><li><a href=\"https:\/\/br.linkedin.com\/in\/isabella-rodrigues-tech?trk=public_profile_browsemap\">Isabella Rodrigues<\/a><\/li><li>I<a rel=\"noreferrer noopener\" href=\"https:\/\/www.linkedin.com\/in\/ivanwanderley\" target=\"_blank\">van Wanderley<\/a><\/li><li><a rel=\"noreferrer noopener\" href=\"https:\/\/www.linkedin.com\/in\/katherinebarbosa\" data-type=\"URL\" data-id=\"https:\/\/www.linkedin.com\/in\/katherinebarbosa\" target=\"_blank\">Katherine Silva<\/a><\/li><li><a rel=\"noreferrer noopener\" href=\"https:\/\/www.linkedin.com\/in\/luciano-guagliardi-3964b53b\/\" data-type=\"URL\" data-id=\"https:\/\/www.linkedin.com\/in\/luciano-guagliardi-3964b53b\/\" target=\"_blank\">Luciano Gagliardi<\/a><\/li><li><a rel=\"noreferrer noopener\" href=\"https:\/\/www.linkedin.com\/in\/miriam-molisini-0a9aa836\" data-type=\"URL\" data-id=\"https:\/\/www.linkedin.com\/in\/miriam-molisini-0a9aa836\" target=\"_blank\">Miriam Molisini<\/a><\/li><li><a rel=\"noreferrer noopener\" href=\"https:\/\/www.linkedin.com\/in\/paulo-ricardo-71490243\/\" data-type=\"URL\" data-id=\"https:\/\/www.linkedin.com\/in\/paulo-ricardo-71490243\/\" target=\"_blank\">Paulo Santos<\/a><\/li><li>Paulo Pereira<\/li><li><a rel=\"noreferrer noopener\" href=\"https:\/\/www.linkedin.com\/in\/rafael-barbar-el-sinetti-249b5b159\" data-type=\"URL\" data-id=\"https:\/\/www.linkedin.com\/in\/rafael-barbar-el-sinetti-249b5b159\" target=\"_blank\">Rafael Sinetti<\/a><\/li><li><a rel=\"noreferrer noopener\" href=\"https:\/\/www.linkedin.com\/in\/renato-ventura-2925b611\" data-type=\"URL\" data-id=\"https:\/\/www.linkedin.com\/in\/renato-ventura-2925b611\" target=\"_blank\">Renato Ventura<\/a><\/li><li><a rel=\"noreferrer noopener\" href=\"https:\/\/www.linkedin.com\/in\/ricardo-pederoda-7aab0a40\" data-type=\"URL\" data-id=\"https:\/\/www.linkedin.com\/in\/ricardo-pederoda-7aab0a40\" target=\"_blank\">Ricardo Pederoda<\/a><\/li><li><a rel=\"noreferrer noopener\" href=\"https:\/\/www.linkedin.com\/in\/ricardositonio\" target=\"_blank\">Ricardo Maia<\/a><\/li><li><a rel=\"noreferrer noopener\" href=\"https:\/\/www.linkedin.com\/in\/tatiane-camargo-37b799138\/\" data-type=\"URL\" data-id=\"https:\/\/www.linkedin.com\/in\/tatiane-camargo-37b799138\/\" target=\"_blank\">Tatiane Camargo<\/a><\/li><li><a rel=\"noreferrer noopener\" href=\"https:\/\/www.linkedin.com\/in\/thain%C3%A1-loronha-703678181\/\" target=\"_blank\">Thain\u00e1 Alves<\/a><\/li><\/ul><\/div>\n\n\n\n<div class=\"wp-block-column is-layout-flow wp-block-column-is-layout-flow\">\n<h2 class=\"wp-block-heading\">Structured<\/h2>\n\n\n\n<ul><li><a rel=\"noreferrer noopener\" href=\"https:\/\/www.linkedin.com\/in\/%C3%A1tila-noaldo-serejo-alves-silva-61769812\/\" data-type=\"URL\" data-id=\"https:\/\/www.linkedin.com\/in\/%C3%A1tila-noaldo-serejo-alves-silva-61769812\/\" target=\"_blank\">Atila Noaldo<\/a><\/li><li><a rel=\"noreferrer noopener\" href=\"https:\/\/www.linkedin.com\/in\/caio-melo-arau\/\" data-type=\"URL\" data-id=\"https:\/\/www.linkedin.com\/in\/caio-melo-arau\/\" target=\"_blank\">Caio Melo<\/a><\/li><li><a rel=\"noreferrer noopener\" href=\"https:\/\/www.linkedin.com\/in\/daniel-eloy\/\" data-type=\"URL\" data-id=\"https:\/\/www.linkedin.com\/in\/daniel-eloy\/\" target=\"_blank\">Daniel Eloy<\/a><\/li><li><a rel=\"noreferrer noopener\" href=\"https:\/\/www.linkedin.com\/in\/edna-maria-moraes-de-mendon%C3%A7a-05198b146\" target=\"_blank\">Edna Mendon\u00e7a<\/a><\/li><li><a rel=\"noreferrer noopener\" href=\"https:\/\/www.linkedin.com\/in\/fernanda-rocha-de-oliveira-28486917b\" data-type=\"URL\" data-id=\"https:\/\/www.linkedin.com\/in\/fernanda-rocha-de-oliveira-28486917b\" target=\"_blank\">Fernanda Oliveira<\/a><\/li><li><a rel=\"noreferrer noopener\" href=\"https:\/\/www.linkedin.com\/in\/igor-a-4a610a15b\/\" target=\"_blank\">Igor Melo<\/a><\/li><li><a rel=\"noreferrer noopener\" href=\"https:\/\/www.linkedin.com\/in\/kleyton-martins-870172b2\" data-type=\"URL\" data-id=\"https:\/\/www.linkedin.com\/in\/kleyton-martins-870172b2\" target=\"_blank\">Kleyton Santos<\/a><\/li><li><a rel=\"noreferrer noopener\" href=\"https:\/\/www.linkedin.com\/in\/paulo-jos%C3%A9-campos-da-silva-3683a2104\/\" target=\"_blank\">Paulo Silva<\/a><\/li><li><a rel=\"noreferrer noopener\" href=\"https:\/\/www.linkedin.com\/in\/ricardo-nilton-cunha-silva\/\" data-type=\"URL\" data-id=\"https:\/\/www.linkedin.com\/in\/ricardo-nilton-cunha-silva\/\" target=\"_blank\">Ricardo Silva<\/a><\/li><\/ul><\/div>\n<\/div>\n\n<div class=\"wp-block-columns is-layout-flex wp-container-core-columns-layout-2 wp-block-columns-is-layout-flex\">\n<div class=\"wp-block-column is-layout-flow wp-block-column-is-layout-flow\">\n<h2 class=\"wp-block-heading\">Investor Relations<\/h2>\n\n\n\n<ul><li><a rel=\"noreferrer noopener\" href=\"https:\/\/www.linkedin.com\/in\/caroline-sampaio-6b93a177\/\" data-type=\"URL\" data-id=\"https:\/\/www.linkedin.com\/in\/caroline-sampaio-6b93a177\/\" target=\"_blank\">Caroline Sampaio<\/a><\/li><li><a rel=\"noreferrer noopener\" href=\"https:\/\/www.linkedin.com\/in\/marie-claude-de-montille-4a6878b5\/\" data-type=\"URL\" data-id=\"https:\/\/www.linkedin.com\/in\/marie-claude-de-montille-4a6878b5\/\" target=\"_blank\">Marie de Montille<\/a><\/li><\/ul><\/div>\n\n\n\n<div class=\"wp-block-column is-layout-flow wp-block-column-is-layout-flow\">\n<h2 class=\"wp-block-heading\">Credit<\/h2>\n\n\n\n<ul><li><a rel=\"noreferrer noopener\" href=\"https:\/\/www.linkedin.com\/in\/dilson-moreira-01b831a0\" data-type=\"URL\" data-id=\"https:\/\/www.linkedin.com\/in\/dilson-moreira-01b831a0\" target=\"_blank\">Dilson Moreira<\/a><\/li><li><a rel=\"noreferrer noopener\" href=\"http:\/\/www.linkedin.com\/in\/ricardo-rodrigues-04a206158\" data-type=\"URL\" data-id=\"http:\/\/www.linkedin.com\/in\/ricardo-rodrigues-04a206158\" target=\"_blank\">Ricardo Rodrigues<\/a><\/li><li><a href=\"https:\/\/www.linkedin.com\/in\/victorchersoni\/\" data-type=\"URL\" data-id=\"https:\/\/www.linkedin.com\/in\/victorchersoni\/\" target=\"_blank\" rel=\"noreferrer noopener\">V\u00edctor Chersoni<\/a><\/li><\/ul>\n\n\n<p><\/p>\n<\/div>\n\n\n\n<div class=\"wp-block-column is-layout-flow wp-block-column-is-layout-flow\">\n<h2 class=\"wp-block-heading\">Corporate Support<\/h2>\n\n\n\n<ul><li><a rel=\"noreferrer noopener\" href=\"https:\/\/www.linkedin.com\/in\/denise-vieitas-b37b46102\" data-type=\"URL\" data-id=\"https:\/\/www.linkedin.com\/in\/denise-vieitas-b37b46102\" target=\"_blank\">Denise Vieitas<\/a><\/li><li><a rel=\"noreferrer noopener\" href=\"http:\/\/www.linkedin.com\/in\/evaneide-santos-b245a8127\" data-type=\"URL\" data-id=\"http:\/\/www.linkedin.com\/in\/evaneide-santos-b245a8127\" target=\"_blank\">Eva Santos<\/a><\/li><li><a rel=\"noreferrer noopener\" href=\"https:\/\/br.linkedin.com\/in\/sara-ioshifusa-frattari\" data-type=\"URL\" data-id=\"https:\/\/br.linkedin.com\/in\/sara-ioshifusa-frattari\" target=\"_blank\">Sara Ioshifusa<\/a><\/li><\/ul><\/div>\n<\/div>\n\n<div class=\"wp-block-columns is-layout-flex wp-container-core-columns-layout-3 wp-block-columns-is-layout-flex\">\n<div class=\"wp-block-column is-layout-flow wp-block-column-is-layout-flow\">\n<h2 class=\"wp-block-heading\">Risk &amp; Compliance<\/h2>\n\n\n\n<ul><li><a href=\"https:\/\/www.linkedin.com\/in\/fernando-mendes-gon%C3%A7alves-oliv%C3%A9rio-78b99a72\" data-type=\"URL\" data-id=\"https:\/\/www.linkedin.com\/in\/fernando-mendes-gon%C3%A7alves-oliv%C3%A9rio-78b99a72\" target=\"_blank\" rel=\"noreferrer noopener\">Fernando Oliv\u00e9rio<\/a><\/li><\/ul>\n\n\n<p><\/p>\n<\/div>\n\n\n\n<div class=\"wp-block-column is-layout-flow wp-block-column-is-layout-flow\">\n<h2 class=\"wp-block-heading\">Private Equity<\/h2>\n\n\n\n<ul><li><a rel=\"noreferrer noopener\" href=\"https:\/\/www.linkedin.com\/in\/renan-tessaro-5548b514a\" data-type=\"URL\" data-id=\"https:\/\/www.linkedin.com\/in\/renan-tessaro-5548b514a\" target=\"_blank\">Renan Tessaro<\/a><\/li><li><a rel=\"noreferrer noopener\" href=\"https:\/\/www.linkedin.com\/in\/victorslima\/\" target=\"_blank\">Victor Lima<\/a><\/li><\/ul><\/div>\n\n\n\n<div class=\"wp-block-column is-layout-flow wp-block-column-is-layout-flow\">\n<h2 class=\"wp-block-heading\">Agribusiness<\/h2>\n\n\n\n<ul><li><a rel=\"noreferrer noopener\" href=\"https:\/\/www.linkedin.com\/in\/camila-cristina-rodrigues-rossetti-15951575\/\" target=\"_blank\">Camila Rossetti<\/a><\/li><li><a href=\"https:\/\/www.linkedin.com\/in\/danielstrozzisoares\/\" data-type=\"URL\" data-id=\"https:\/\/www.linkedin.com\/in\/danielstrozzisoares\/\" target=\"_blank\" rel=\"noreferrer noopener\">Daniel Strozzi<\/a><\/li><li><a rel=\"noreferrer noopener\" href=\"https:\/\/www.linkedin.com\/in\/fabio-barbosa-5ba32492\" target=\"_blank\">Fabio Barbosa<\/a><\/li><li><a rel=\"noreferrer noopener\" href=\"https:\/\/www.linkedin.com\/in\/guilherme-grahl-6181a067\" target=\"_blank\">Guilherme Grahl<\/a><\/li><li><a rel=\"noreferrer noopener\" href=\"https:\/\/www.linkedin.com\/in\/humberto-hardman-8173b6\/\" target=\"_blank\">Humberto Hardman<\/a><\/li><li><a rel=\"noreferrer noopener\" href=\"http:\/\/www.linkedin.com\/in\/luis-henrique-fischel\" target=\"_blank\">Luis Fischel<\/a><\/li><\/ul><\/div>\n<\/div>\n\n<div class=\"wp-block-columns is-layout-flex wp-container-core-columns-layout-4 wp-block-columns-is-layout-flex\">\n<div class=\"wp-block-column is-layout-flow wp-block-column-is-layout-flow\">\n<h2 class=\"wp-block-heading\">Infrastructure<\/h2>\n\n\n\n<ul><li><a rel=\"noreferrer noopener\" href=\"https:\/\/www.linkedin.com\/in\/sofia-caccuri-66823827\/\" target=\"_blank\">Sofia Caccuri<\/a><\/li><li><a rel=\"noreferrer noopener\" href=\"https:\/\/www.linkedin.com\/in\/cristina-m-de-andrea-tamaso-9198b13\/\" target=\"_blank\">Cristina Tamaso<\/a><\/li><li><a href=\"https:\/\/www.linkedin.com\/in\/vinicius-c-94b515b8\" target=\"_blank\" rel=\"noreferrer noopener\">Vinicius Calusa<\/a><\/li><\/ul>\n\n\n<p><\/p>\n<\/div>\n\n\n\n<div class=\"wp-block-column is-layout-flow wp-block-column-is-layout-flow\"><\/div>\n<\/div>\n\n<p><\/p>\n","protected":false},"excerpt":{"rendered":"<p>Fixed Income Breno Barbosa Fernando Marinho Jo\u00e3o Pacheco Leandro Lupercio Lucas Silva Oct\u00e1vio Corr\u00eaa Rodrigo Mendon\u00e7a Silvana Rodrigues Vitor Lopes Real Estate Bruno Oliveira Carlos Lomonaco Guilherme de Oliveira Isabella Rodrigues Ivan Wanderley Katherine Silva Luciano Gagliardi Miriam Molisini Paulo Santos Paulo Pereira Rafael Sinetti Renato Ventura Ricardo Pederoda Ricardo Maia Tatiane Camargo Thain\u00e1 Alves [&hellip;]<\/p>\n","protected":false},"author":1,"featured_media":0,"parent":0,"menu_order":0,"comment_status":"closed","ping_status":"closed","template":"page-equipe.php","meta":{"footnotes":""},"acf":[],"_links":{"self":[{"href":"https:\/\/valorainvest.com.br\/en\/wp-json\/wp\/v2\/pages\/15616"}],"collection":[{"href":"https:\/\/valorainvest.com.br\/en\/wp-json\/wp\/v2\/pages"}],"about":[{"href":"https:\/\/valorainvest.com.br\/en\/wp-json\/wp\/v2\/types\/page"}],"author":[{"embeddable":true,"href":"https:\/\/valorainvest.com.br\/en\/wp-json\/wp\/v2\/users\/1"}],"replies":[{"embeddable":true,"href":"https:\/\/valorainvest.com.br\/en\/wp-json\/wp\/v2\/comments?post=15616"}],"version-history":[{"count":0,"href":"https:\/\/valorainvest.com.br\/en\/wp-json\/wp\/v2\/pages\/15616\/revisions"}],"wp:attachment":[{"href":"https:\/\/valorainvest.com.br\/en\/wp-json\/wp\/v2\/media?parent=15616"}],"curies":[{"name":"wp","href":"https:\/\/api.w.org\/{rel}","templated":true}]}}